{"id":56,"date":"2017-01-19T15:59:32","date_gmt":"2017-01-19T14:59:32","guid":{"rendered":"https:\/\/marketing.edita.it\/privacy\/"},"modified":"2017-04-03T10:42:01","modified_gmt":"2017-04-03T08:42:01","slug":"privacy","status":"publish","type":"page","link":"https:\/\/marketing.edita.it\/de\/privacy\/","title":{"rendered":"Information zum Datenschutz"},"content":{"rendered":"<p>Information gem\u00e4\u00df Art. 13 Gesetzesverordnung 196\/2003 zur Verarbeitung personenbezogener Daten der Internetnutzer<\/p>\n<p>Sehr geehrte Besucher,<br \/>\nhiermit m\u00f6chten wir Sie dar\u00fcber informieren, dass die Gesetzesverordnung Nr. 196 vom 30. Juni 2003 (Datenschutzkodex) den Schutz von Personen in Bezug auf die Verarbeitung personenbezogener Daten regelt.<br \/>\nDie Verarbeitung der personenbezogenen Daten der Besucher dieser Internetseite, die ihre Dienste nutzen, basiert gem\u00e4\u00df der genannten Verordnung auf den Grunds\u00e4tzen der Korrektheit, Rechtm\u00e4\u00dfigkeit, Transparenz, Wahrung Ihrer Rechte sowie Vertraulichkeit Ihrer Daten.<br \/>\nGem\u00e4\u00df Art. 13 der Ges.Ver. Nr. 196\/2003 informieren wir Sie daher wie folgt:<\/p>\n<ol>\n<li>Die von Ihnen mitgeteilten Daten werden zu folgenden Zwecken verarbeitet: Erstellung eines Preisangebotes und Absendung desselben; Versand von Werbematerial, Newslettern, Festtagsw\u00fcnschen, Marketinginformationen \u2026.<\/li>\n<li>Im Rahmen der Datenverarbeitung zum Zweck der Durchf\u00fchrung von Anfragen kann das <strong>\u00c8dita<\/strong> Kenntnis von laut Ges.Ver. 196\/2003 sogenannten \u201eErkennungsdaten\u201c erhalten.<\/li>\n<li>Die Datenverarbeitung erfolgt nach folgenden Modalit\u00e4ten: elektronische Systeme f\u00fcr die Speicherung, Verwaltung und \u00dcbermittlung der in unserem Besitz befindlichen Daten lediglich zu den genannten Zwecken, wobei Sie gebeten sind, uns rechtzeitig \u00fcber eventuelle Berichtigungen, Erg\u00e4nzungen und\/oder Aktualisierungen zu informieren.<\/li>\n<li>Ihre Daten k\u00f6nnen ausschlie\u00dflich im Bereich der Internetseite <strong>https:\/\/marketing.edita.it<\/strong> verbreitet werden und werden nur zur Verfolgung der in dieser Information genannten Zwecke mitgeteilt.<\/li>\n<li>Die im Rahmen dieser Anmeldung gesammelten personenbezogenen Daten k\u00f6nnen auch durch Datenschutzbeauftrage verarbeitet werden, die mit der Verwaltung der gew\u00fcnschten Dienste oder Marketingt\u00e4tigkeiten beauftragt werden. Au\u00dferdem k\u00f6nnen die Daten aufgrund gesetzlicher Pflichten und zu den oben genannten Zwecken weitergegeben werden an:\n<ul>\n<li>andere zum Konzern geh\u00f6rige Hotels<\/li>\n<li>Techniker des Hosting-Providers, jedoch nur nach Genehmigung des Rechtsinhabers und zum Zweck von Wartungsma\u00dfnahmen und\/oder technischen Eingriffen.<\/li>\n<\/ul>\n<\/li>\n<li>Die fakultative, ausdr\u00fcckliche und freiwillige Versendung elektronischer Post an eine auf dieser Internetseite genannte E-Mail-Adresse hat die Erfassung der Adresse des Absenders zur Folge, welche zur Beantwortung notwendig ist, sowie der eventuellen anderen im Schreiben enthaltenen personenbezogenen Daten. Die Mitteilung der Daten ist\n<ul>\n<li>notwendig in den als \u201ePflichtfelder\u201c gekennzeichneten Bereichen. Bei einer eventuellen Verweigerung kann die Anmeldung\/Anfrage nicht bearbeitet werden, da die betreffenden Daten f\u00fcr die Nutzung der angebotenen Dienste unerl\u00e4sslich sind.<\/li>\n<li>fakultativ in den als \u201efreiwillige Felder\u201c gekennzeichneten Bereichen. Werden diese Daten nicht mitgeteilt, beeintr\u00e4chtigt dies in keiner Weise die Erbringung der Dienstleistung.<\/li>\n<\/ul>\n<\/li>\n<li>Der Rechtsinhaber der Datenverarbeitung ist das <strong>\u00c8dita<\/strong><\/li>\n<li>Sie k\u00f6nnen Ihre Rechte gegen\u00fcber dem Rechtsinhaber der Datenverarbeitung jederzeit im Sinne von Art. 7 der Ges.Ver. 196\/2003 geltend machen, indem Sie eine E-Mail an <strong>info@edita.it<\/strong> .it schicken.<\/li>\n<\/ol>\n<p>Zur Kenntnisnahme zitieren wir nachfolgend den gesamten Art. 7 der Ges.Ver. 196\/2003:<br \/>\nArt. 7 (Recht auf Zugang zu den personenbezogenen Daten und andere Rechte)<\/p>\n<ol>\n<li>Die betroffene Person hat das Recht, Auskunft dar\u00fcber zu erhalten, ob sie betreffende Daten vorhanden sind, auch wenn diese noch nicht gespeichert sind; au\u00dferdem hat sie das Recht darauf, dass ihr diese Daten in verst\u00e4ndlicher Form \u00fcbermittelt werden.<\/li>\n<li>Die betroffene Person hat das Recht auf Auskunft \u00fcber:\n<ul>\n<li>die Herkunft der personenbezogenen Daten;<\/li>\n<li>den Zweck und die Modalit\u00e4ten der Verarbeitung;<\/li>\n<li>das angewandte System, falls die Daten elektronisch verarbeitet werden;<\/li>\n<li>die wichtigsten Daten zur Identifizierung des Rechtsinhabers, der Verantwortlichen und des im Sinne von Artikel 5 Absatz 2 ernannten Vertreters;<\/li>\n<li>die Personen oder Kategorien von Personen, denen die personenbezogenen Daten \u00fcbermittelt werden k\u00f6nnen oder die als auf dem Staatsgebiet ernannte Vertreter, als Verantwortliche oder als Beauftragte davon Kenntnis erlangen k\u00f6nnen.<\/li>\n<\/ul>\n<\/li>\n<li>Die betroffene Person hat das Recht:\n<ol>\n<li>die Aktualisierung, die Berichtigung oder, sofern interessiert, die Erg\u00e4nzung der Daten zu verlangen;<\/li>\n<li>zu verlangen, dass widerrechtlich verarbeitete Daten gel\u00f6scht, anonymisiert oder gesperrt werden; dies gilt auch f\u00fcr Daten, deren Aufbewahrung f\u00fcr die Zwecke, f\u00fcr die sie erhoben oder sp\u00e4ter verarbeitet wurden, nicht erforderlich ist;<\/li>\n<li>eine Best\u00e4tigung dar\u00fcber zu erhalten, dass die unter den Buchstaben a) und b) genannten Vorg\u00e4nge \u2013 auch in Bezug auf ihren Inhalt \u2013 jenen mitgeteilt wurden, denen die Daten \u00fcbermittelt oder bei denen sie verbreitet wurden, sofern sich dies nicht als unm\u00f6glich erweist oder der Aufwand an Mitteln im Verh\u00e4ltnis zum gesch\u00fctzten Recht unvertretbar gro\u00df w\u00e4re.<\/li>\n<\/ol>\n<\/li>\n<li>Die betroffene Person hat das Recht, sich ganz oder teilweise:\n<ol>\n<li>der Verarbeitung sie betreffender personenbezogener Daten aus legitimen Gr\u00fcnden zu widersetzen, auch wenn diese Daten dem Zweck der Sammlung entsprechen;<\/li>\n<li>der Verarbeitung sie betreffender personenbezogener Daten zu widersetzen, wenn diese zum Zweck des Versands von Werbematerial oder des Direktverkaufs, zur Markt- oder Meinungsforschung oder zur Handelsinformation erfolgt.<\/li>\n<\/ol>\n<\/li>\n<\/ol>\n","protected":false},"excerpt":{"rendered":"<p>Information gem\u00e4\u00df Art. 13 Gesetzesverordnung 196\/2003 zur Verarbeitung personenbezogener Daten der Internetnutzer Sehr geehrte Besucher, hiermit m\u00f6chten wir Sie dar\u00fcber informieren, dass die Gesetzesverordnung Nr. 196 vom 30. Juni 2003 (Datenschutzkodex) den Schutz von Personen in Bezug auf die Verarbeitung personenbezogener Daten regelt. Die Verarbeitung der personenbezogenen Daten der Besucher dieser Internetseite, die ihre Dienste nutzen, basiert gem\u00e4\u00df der genannten Verordnung auf den Grunds\u00e4tzen der Korrektheit, Rechtm\u00e4\u00dfigkeit, Transparenz, Wahrung Ihrer &#8230;<\/p>\n","protected":false},"author":1,"featured_media":0,"parent":0,"menu_order":0,"comment_status":"closed","ping_status":"closed","template":"","meta":{"_acf_changed":false},"class_list":["post-56","page","type-page","status-publish","hentry"],"acf":[],"_links":{"self":[{"href":"https:\/\/marketing.edita.it\/de\/wp-json\/wp\/v2\/pages\/56","targetHints":{"allow":["GET"]}}],"collection":[{"href":"https:\/\/marketing.edita.it\/de\/wp-json\/wp\/v2\/pages"}],"about":[{"href":"https:\/\/marketing.edita.it\/de\/wp-json\/wp\/v2\/types\/page"}],"author":[{"embeddable":true,"href":"https:\/\/marketing.edita.it\/de\/wp-json\/wp\/v2\/users\/1"}],"replies":[{"embeddable":true,"href":"https:\/\/marketing.edita.it\/de\/wp-json\/wp\/v2\/comments?post=56"}],"version-history":[{"count":0,"href":"https:\/\/marketing.edita.it\/de\/wp-json\/wp\/v2\/pages\/56\/revisions"}],"wp:attachment":[{"href":"https:\/\/marketing.edita.it\/de\/wp-json\/wp\/v2\/media?parent=56"}],"curies":[{"name":"wp","href":"https:\/\/api.w.org\/{rel}","templated":true}]}}